{"id":223,"date":"2026-01-09T10:04:32","date_gmt":"2026-01-09T10:04:32","guid":{"rendered":"https:\/\/alexandre.foucher.formation-esiac.fr\/?page_id=223"},"modified":"2026-01-09T10:07:23","modified_gmt":"2026-01-09T10:07:23","slug":"mention-legales","status":"publish","type":"page","link":"https:\/\/alexandre.foucher.formation-esiac.fr\/index.php\/mention-legales\/","title":{"rendered":"Mention L\u00e9gales"},"content":{"rendered":"\n<p><\/p>\n\n\n\n<h1 class=\"wp-block-heading has-secondary-color has-text-color has-link-color wp-elements-a59160e60e84931c4612cce9872faba2\">\u00c9diteur du site<\/h1>\n\n\n\n<p class=\"has-secondary-color has-text-color has-link-color wp-elements-0f12ac234783fab5fcf15641fe8cb86e\">Ce site est \u00e9dit\u00e9 par :<\/p>\n\n\n\n<p class=\"has-secondary-color has-text-color has-link-color wp-elements-329c3c7110147d6a21293a1bd03b7e9a\">Nom \/ Pseudonyme : FOUCHER Alexandre<\/p>\n\n\n\n<p class=\"has-secondary-color has-text-color has-link-color wp-elements-02f54f7b46a660cf1dcd0c759dbfeee1\">Email de contact : AFOUCHER8@cfai.formation-industries-pdl.fr<\/p>\n\n\n\n<h1 class=\"wp-block-heading has-secondary-color has-text-color has-link-color wp-elements-8956a3f5c60f05fddad96c0fdf19c0a2\">H\u00e9bergement<\/h1>\n\n\n\n<p class=\"has-secondary-color has-text-color has-link-color wp-elements-f38870bcc78e76db19533f4105a603d9\">Le site est h\u00e9berg\u00e9 par :<\/p>\n\n\n\n<p class=\"has-secondary-color has-text-color has-link-color wp-elements-4ab5d5d57c0acb94fdb2640dabd98582\">H\u00e9bergeur : OVH<\/p>\n\n\n\n<p class=\"has-secondary-color has-text-color has-link-color wp-elements-dda03ca167c24394391a4f4e4dda12ab\">Adresse : 2 Rue Kellermann, 59100 Roubaix<\/p>\n\n\n\n<p class=\"has-secondary-color has-text-color has-link-color wp-elements-2e099fb0747f47f67da1531845955055\">T\u00e9l\u00e9phone : 09 72 10 10 07<\/p>\n\n\n\n<h1 class=\"wp-block-heading has-secondary-color has-text-color has-link-color wp-elements-84fa07e85724540286d84ffa9f0309e0\">Propri\u00e9t\u00e9 intellectuelle<\/h1>\n\n\n\n<p class=\"has-secondary-color has-text-color has-link-color wp-elements-5cebe10b78725fc8881427de6eae1385\">L\u2019ensemble des \u00e9l\u00e9ments pr\u00e9sents sur ce site (textes, images, photographies, projets, logos, illustrations, code, etc.) sont, sauf mention contraire, la propri\u00e9t\u00e9 exclusive de l\u2019\u00e9diteur. Toute reproduction, modification, distribution ou exploitation totale ou partielle du contenu du site, sans autorisation pr\u00e9alable, est strictement interdite.<\/p>\n\n\n\n<h1 class=\"wp-block-heading has-secondary-color has-text-color has-link-color wp-elements-5492436e5de5827ea69792c62b1c506f\">Donn\u00e9es personnelles<\/h1>\n\n\n\n<p class=\"has-secondary-color has-text-color has-link-color wp-elements-594696d32c1f858f028573d3762e6b6f\">Ce site :<\/p>\n\n\n\n<p class=\"has-secondary-color has-text-color has-link-color wp-elements-502e5b141739b4f70f65b63886ca59ce\">&#8211; ne collecte aucune donn\u00e9e personnelle.<\/p>\n\n\n\n<p class=\"has-secondary-color has-text-color has-link-color wp-elements-87fd2d5f189fcb8aba717efa04e899ee\">Les informations communiqu\u00e9es par l\u2019utilisateur sont utilis\u00e9es uniquement pour permettre la prise de contact et ne sont ni stock\u00e9es durablement, ni transmises \u00e0 des tiers.<\/p>\n\n\n\n<p class=\"has-secondary-color has-text-color has-link-color wp-elements-4c355838fc7633ddcaaf8e4b74a3ebb2\"><strong>Pour exercer un droit de suppression ou de rectification :<\/strong><\/p>\n\n\n\n<p class=\"has-secondary-color has-text-color has-link-color wp-elements-688c0f790abb8ec88cbca5a2d6f8865a\">Email : AFOUCHER8@cfai.formation-industries-pdl.fr<\/p>\n\n\n\n<p class=\"has-secondary-color has-text-color has-link-color wp-elements-998fbb40f518492ed4bd5acf1b03bd53\">Limitation de responsabilit\u00e9<\/p>\n\n\n\n<p class=\"has-secondary-color has-text-color has-link-color wp-elements-e620f2ad27ed13467a12b0d625beba99\">L\u2019\u00e9diteur du site ne saurait \u00eatre tenu responsable :<\/p>\n\n\n\n<ul class=\"wp-block-list\">\n<li class=\"has-secondary-color has-text-color has-link-color wp-elements-95bf632ba6ef24c9d495561680f85524\">des erreurs ou omissions dans les contenus pr\u00e9sents,<\/li>\n\n\n\n<li class=\"has-secondary-color has-text-color has-link-color wp-elements-c0ef459a31332a82a622fc62f10a9c6a\">d\u2019un \u00e9ventuel dysfonctionnement li\u00e9 au serveur ou \u00e0 l\u2019h\u00e9bergement,<\/li>\n\n\n\n<li class=\"has-secondary-color has-text-color has-link-color wp-elements-bc81170b852fb0c7c1aec0ea67fb4c1c\">de l\u2019utilisation qui pourrait \u00eatre faite des informations pr\u00e9sentes sur le site par des tiers.<\/li>\n<\/ul>\n\n\n\n<h1 class=\"wp-block-heading has-secondary-color has-text-color has-link-color wp-elements-d08e9cbe120c3228db3e5c3aff17f329\">Contact<\/h1>\n\n\n\n<p class=\"has-secondary-color has-text-color has-link-color wp-elements-6c2b19b43c7d018a0edcb378ca5b1668\">Pour toute question ou demande concernant le site :<\/p>\n\n\n\n<p class=\"has-secondary-color has-text-color has-link-color wp-elements-688c0f790abb8ec88cbca5a2d6f8865a\">Email : AFOUCHER8@cfai.formation-industries-pdl.fr<\/p>\n","protected":false},"excerpt":{"rendered":"<p>\u00c9diteur du site Ce site est \u00e9dit\u00e9 par : Nom \/ Pseudonyme : FOUCHER Alexandre Email de contact : AFOUCHER8@cfai.formation-industries-pdl.fr H\u00e9bergement Le site est h\u00e9berg\u00e9 par : H\u00e9bergeur : OVH Adresse : 2 Rue Kellermann, 59100 Roubaix T\u00e9l\u00e9phone : 09 72 10 10 07 Propri\u00e9t\u00e9 intellectuelle L\u2019ensemble des \u00e9l\u00e9ments pr\u00e9sents sur ce site (textes, images, [&hellip;]<\/p>\n","protected":false},"author":1,"featured_media":0,"parent":0,"menu_order":0,"comment_status":"closed","ping_status":"closed","template":"","meta":{"footnotes":""},"class_list":["post-223","page","type-page","status-publish","hentry"],"_links":{"self":[{"href":"https:\/\/alexandre.foucher.formation-esiac.fr\/index.php\/wp-json\/wp\/v2\/pages\/223","targetHints":{"allow":["GET"]}}],"collection":[{"href":"https:\/\/alexandre.foucher.formation-esiac.fr\/index.php\/wp-json\/wp\/v2\/pages"}],"about":[{"href":"https:\/\/alexandre.foucher.formation-esiac.fr\/index.php\/wp-json\/wp\/v2\/types\/page"}],"author":[{"embeddable":true,"href":"https:\/\/alexandre.foucher.formation-esiac.fr\/index.php\/wp-json\/wp\/v2\/users\/1"}],"replies":[{"embeddable":true,"href":"https:\/\/alexandre.foucher.formation-esiac.fr\/index.php\/wp-json\/wp\/v2\/comments?post=223"}],"version-history":[{"count":2,"href":"https:\/\/alexandre.foucher.formation-esiac.fr\/index.php\/wp-json\/wp\/v2\/pages\/223\/revisions"}],"predecessor-version":[{"id":227,"href":"https:\/\/alexandre.foucher.formation-esiac.fr\/index.php\/wp-json\/wp\/v2\/pages\/223\/revisions\/227"}],"wp:attachment":[{"href":"https:\/\/alexandre.foucher.formation-esiac.fr\/index.php\/wp-json\/wp\/v2\/media?parent=223"}],"curies":[{"name":"wp","href":"https:\/\/api.w.org\/{rel}","templated":true}]}}