{"id":235,"date":"2026-01-14T10:33:16","date_gmt":"2026-01-14T10:33:16","guid":{"rendered":"https:\/\/alexandre.foucher.formation-esiac.fr\/?page_id=235"},"modified":"2026-01-14T18:11:49","modified_gmt":"2026-01-14T18:11:49","slug":"epreuve-e5","status":"publish","type":"page","link":"https:\/\/alexandre.foucher.formation-esiac.fr\/index.php\/epreuve-e5\/","title":{"rendered":"Pr\u00e9sentation de l&#8217;\u00c9preuve E5"},"content":{"rendered":"\n<h3 class=\"wp-block-heading has-secondary-color has-text-color has-link-color wp-elements-7cbf2758ecbe367cb8b39c6a1ca301a8\">Objectif :<\/h3>\n\n\n\n<p class=\"has-secondary-color has-text-color has-link-color wp-elements-c52c614b66e3c9ccaee696f502702500\">Cette&nbsp;\u00e9preuve vise \u00e0 \u00e9valuer chez la personne candidate l\u2019acquisition des comp\u00e9tences d\u00e9crites dans le bloc de comp\u00e9tences \u00ab Support et mise \u00e0 disposition de services informatiques \u00bb<\/p>\n\n\n\n<h3 class=\"wp-block-heading has-secondary-color has-text-color has-link-color wp-elements-c95e20eeca2fb57316774e5ffb1e39fd\">Modalit\u00e9s d&#8217;\u00e9valuation :<\/h3>\n\n\n\n<p class=\"has-secondary-color has-text-color has-link-color wp-elements-33c050a282becce3554c3632327e2df3\"><strong>Forme orale CCF (dur\u00e9e 40 minutes) :<\/strong><\/p>\n\n\n\n<p class=\"has-secondary-color has-text-color has-link-color wp-elements-97ac5d77b6f192fc8def632b166a0361\">L\u2019\u00e9preuve comporte deux phases cons\u00e9cutives. Pendant 10 minutes (maximum) la personne candidate pr\u00e9sente son parcours de professionnalisation et justifie les modalit\u00e9s d\u2019acquisition des comp\u00e9tences du bloc \u00ab Support et mise \u00e0 disposition de services informatiques \u00bb. S\u2019en suit 30 minutes d\u2019\u00e9change avec le jury qui permettent, d\u2019une part, d\u2019expliciter et d\u2019appr\u00e9cier le parcours de professionnalisation et, d\u2019autre part, d\u2019approfondir une ou plusieurs r\u00e9alisations d\u00e9crites dans le dossier num\u00e9rique. L\u2019entretien permet d\u2019appr\u00e9cier la capacit\u00e9 de la personne candidate \u00e0 mobiliser les comp\u00e9tences vis\u00e9es, sa capacit\u00e9 \u00e0 rendre compte d\u2019un travail r\u00e9alis\u00e9 au sein d\u2019une \u00e9quipe projet en mettant clairement en \u00e9vidence sa contribution personnelle.<\/p>\n\n\n\n<p class=\"has-secondary-color has-text-color has-link-color wp-elements-9ab710cf8c468622e0769e4dc7d6d8ac\"><\/p>\n\n\n\n<div class=\"wp-block-buttons is-layout-flex wp-block-buttons-is-layout-flex\">\n<div class=\"wp-block-button has-custom-width wp-block-button__width-25\"><a class=\"wp-block-button__link has-medium-font-size has-custom-font-size wp-element-button\" href=\"http:\/\/alexandre.foucher.formation-esiac.fr\/wp-content\/uploads\/2026\/01\/RapportE5.pdf\">Rapport E5<\/a><\/div>\n\n\n\n<div class=\"wp-block-button has-custom-width wp-block-button__width-25\"><a class=\"wp-block-button__link has-medium-font-size has-custom-font-size wp-element-button\" href=\"http:\/\/alexandre.foucher.formation-esiac.fr\/wp-content\/uploads\/2026\/01\/E5-FOUCHER-Alexandre-Tableau-de-synthese-1.pdf\">Tableau de synth\u00e8se<\/a><\/div>\n\n\n<\/div>\n\n\n\n<p><\/p>\n","protected":false},"excerpt":{"rendered":"<p>Objectif : Cette&nbsp;\u00e9preuve vise \u00e0 \u00e9valuer chez la personne candidate l\u2019acquisition des comp\u00e9tences d\u00e9crites dans le bloc de comp\u00e9tences \u00ab Support et mise \u00e0 disposition de services informatiques \u00bb Modalit\u00e9s d&#8217;\u00e9valuation : Forme orale CCF (dur\u00e9e 40 minutes) : L\u2019\u00e9preuve comporte deux phases cons\u00e9cutives. Pendant 10 minutes (maximum) la personne candidate pr\u00e9sente son parcours de [&hellip;]<\/p>\n","protected":false},"author":1,"featured_media":0,"parent":0,"menu_order":0,"comment_status":"closed","ping_status":"closed","template":"","meta":{"footnotes":""},"class_list":["post-235","page","type-page","status-publish","hentry"],"_links":{"self":[{"href":"https:\/\/alexandre.foucher.formation-esiac.fr\/index.php\/wp-json\/wp\/v2\/pages\/235","targetHints":{"allow":["GET"]}}],"collection":[{"href":"https:\/\/alexandre.foucher.formation-esiac.fr\/index.php\/wp-json\/wp\/v2\/pages"}],"about":[{"href":"https:\/\/alexandre.foucher.formation-esiac.fr\/index.php\/wp-json\/wp\/v2\/types\/page"}],"author":[{"embeddable":true,"href":"https:\/\/alexandre.foucher.formation-esiac.fr\/index.php\/wp-json\/wp\/v2\/users\/1"}],"replies":[{"embeddable":true,"href":"https:\/\/alexandre.foucher.formation-esiac.fr\/index.php\/wp-json\/wp\/v2\/comments?post=235"}],"version-history":[{"count":10,"href":"https:\/\/alexandre.foucher.formation-esiac.fr\/index.php\/wp-json\/wp\/v2\/pages\/235\/revisions"}],"predecessor-version":[{"id":260,"href":"https:\/\/alexandre.foucher.formation-esiac.fr\/index.php\/wp-json\/wp\/v2\/pages\/235\/revisions\/260"}],"wp:attachment":[{"href":"https:\/\/alexandre.foucher.formation-esiac.fr\/index.php\/wp-json\/wp\/v2\/media?parent=235"}],"curies":[{"name":"wp","href":"https:\/\/api.w.org\/{rel}","templated":true}]}}